{"id":1334,"date":"2025-01-24T14:22:24","date_gmt":"2025-01-24T13:22:24","guid":{"rendered":"https:\/\/staging.notracesurvey.nl\/?page_id=1334"},"modified":"2025-03-16T16:36:12","modified_gmt":"2025-03-16T15:36:12","slug":"keurmeester-nen3140","status":"publish","type":"page","link":"https:\/\/www.notrace.nl\/survey\/keurmeester-nen3140\/","title":{"rendered":"Keurmeester NEN3140"},"content":{"rendered":"<div id=\"home\" class=\"fusion-container-anchor\"><div class=\"fusion-fullwidth fullwidth-box fusion-builder-row-1 fusion-flex-container has-pattern-background has-mask-background fusion-parallax-none nonhundred-percent-fullwidth non-hundred-percent-height-scrolling\" style=\"--awb-border-radius-top-left:0px;--awb-border-radius-top-right:0px;--awb-border-radius-bottom-right:0px;--awb-border-radius-bottom-left:0px;--awb-padding-top:6%;--awb-padding-bottom:12%;--awb-margin-bottom:-5%;--awb-background-color:rgba(255,251,244,0);--awb-background-image:url(&quot;https:\/\/www.notrace.nl\/wp-content\/uploads\/sites\/4\/2025\/01\/ryno-marais-7j7g8XmtjSo-unsplash-scaled.jpg&quot;);--awb-background-size:cover;--awb-flex-wrap:wrap;\" ><div class=\"fusion-builder-row fusion-row fusion-flex-align-items-flex-start fusion-flex-content-wrap\" style=\"max-width:1263.6px;margin-left: calc(-4% \/ 2 );margin-right: calc(-4% \/ 2 );\"><div class=\"fusion-layout-column fusion_builder_column fusion-builder-column-0 fusion_builder_column_1_1 1_1 fusion-flex-column\" style=\"--awb-padding-top:10px;--awb-padding-right:10px;--awb-padding-bottom:10px;--awb-padding-left:10px;--awb-overflow:hidden;--awb-bg-color:var(--awb-color2);--awb-bg-color-hover:var(--awb-color2);--awb-bg-size:cover;--awb-border-radius:20px 20px 20px 20px;--awb-width-large:100%;--awb-margin-top-large:0px;--awb-spacing-right-large:1.92%;--awb-margin-bottom-large:20px;--awb-spacing-left-large:1.92%;--awb-width-medium:100%;--awb-order-medium:0;--awb-spacing-right-medium:1.92%;--awb-spacing-left-medium:1.92%;--awb-width-small:100%;--awb-order-small:0;--awb-spacing-right-small:1.92%;--awb-spacing-left-small:1.92%;\"><div class=\"fusion-column-wrapper fusion-column-has-shadow fusion-flex-justify-content-flex-start fusion-content-layout-column\"><div class=\"fusion-builder-row fusion-builder-row-inner fusion-row fusion-flex-align-items-flex-start fusion-flex-content-wrap\" style=\"--awb-flex-grow:0;--awb-flex-grow-medium:0;--awb-flex-grow-small:0;--awb-flex-shrink:0;--awb-flex-shrink-medium:0;--awb-flex-shrink-small:0;width:104% !important;max-width:104% !important;margin-left: calc(-4% \/ 2 );margin-right: calc(-4% \/ 2 );\"><div class=\"fusion-layout-column fusion_builder_column_inner fusion-builder-nested-column-0 fusion_builder_column_inner_2_3 2_3 fusion-flex-column\" style=\"--awb-bg-size:cover;--awb-width-large:66.666666666667%;--awb-margin-top-large:0px;--awb-spacing-right-large:2.88%;--awb-margin-bottom-large:20px;--awb-spacing-left-large:2.88%;--awb-width-medium:100%;--awb-order-medium:0;--awb-spacing-right-medium:1.92%;--awb-spacing-left-medium:1.92%;--awb-width-small:100%;--awb-order-small:0;--awb-spacing-right-small:1.92%;--awb-spacing-left-small:1.92%;\"><div class=\"fusion-column-wrapper fusion-column-has-shadow fusion-flex-justify-content-flex-start fusion-content-layout-column\"><div class=\"fusion-title title fusion-title-1 fusion-sep-none fusion-title-text fusion-title-size-one\" style=\"--awb-text-color:var(--awb-color7);--awb-margin-top:50px;--awb-margin-right:50px;--awb-margin-top-small:10px;--awb-margin-right-small:0px;--awb-margin-bottom-small:10px;--awb-margin-left-small:0px;\"><h1 class=\"fusion-title-heading title-heading-left fusion-responsive-typography-calculated\" style=\"font-family:&quot;Bushcraft-One&quot;;font-style:normal;font-weight:400;margin:0;--fontSize:76;line-height:var(--awb-typography1-line-height);\">Keurmeester NEN3140<\/h1><\/div><\/div><\/div><div class=\"fusion-layout-column fusion_builder_column_inner fusion-builder-nested-column-1 fusion_builder_column_inner_1_3 1_3 fusion-flex-column\" style=\"--awb-bg-size:cover;--awb-width-large:33.333333333333%;--awb-margin-top-large:0px;--awb-spacing-right-large:5.76%;--awb-margin-bottom-large:20px;--awb-spacing-left-large:5.76%;--awb-width-medium:100%;--awb-order-medium:0;--awb-spacing-right-medium:1.92%;--awb-spacing-left-medium:1.92%;--awb-width-small:100%;--awb-order-small:0;--awb-spacing-right-small:1.92%;--awb-spacing-left-small:1.92%;\"><div class=\"fusion-column-wrapper fusion-column-has-shadow fusion-flex-justify-content-flex-start fusion-content-layout-column\"><div class=\"fusion-image-element \" style=\"--awb-caption-title-font-family:var(--h2_typography-font-family);--awb-caption-title-font-weight:var(--h2_typography-font-weight);--awb-caption-title-font-style:var(--h2_typography-font-style);--awb-caption-title-size:var(--h2_typography-font-size);--awb-caption-title-transform:var(--h2_typography-text-transform);--awb-caption-title-line-height:var(--h2_typography-line-height);--awb-caption-title-letter-spacing:var(--h2_typography-letter-spacing);\"><span class=\" fusion-imageframe imageframe-none imageframe-1 hover-type-none\"><img decoding=\"async\" width=\"1000\" height=\"1000\" alt=\"NEN3149 - No Trace Survey\" title=\"NEN3149 &#8211; No Trace Survey\" src=\"https:\/\/www.notrace.nl\/wp-content\/uploads\/sites\/4\/2024\/12\/Multimeter.png\" class=\"img-responsive wp-image-995\" srcset=\"https:\/\/www.notrace.nl\/survey\/wp-content\/uploads\/sites\/4\/2024\/12\/Multimeter-150x150.png 150w, https:\/\/www.notrace.nl\/survey\/wp-content\/uploads\/sites\/4\/2024\/12\/Multimeter-300x300.png 300w, https:\/\/www.notrace.nl\/survey\/wp-content\/uploads\/sites\/4\/2024\/12\/Multimeter-768x768.png 768w, https:\/\/www.notrace.nl\/survey\/wp-content\/uploads\/sites\/4\/2024\/12\/Multimeter.png 1000w\" sizes=\"(max-width: 1000px) 100vw, 1000px\" \/><\/span><\/div><\/div><\/div><\/div><div class=\"fusion-text fusion-text-1\" style=\"--awb-text-color:var(--awb-color7);\"><div class=\"elementor-element elementor-element-3b3973a elementor-widget elementor-widget-heading\" data-id=\"3b3973a\" data-element_type=\"widget\" data-widget_type=\"heading.default\">\n<h2><strong>NEN 3140 Keuren elektrische arbeidsmiddelen<\/strong><\/h2>\n<p>Om er voor te zorgen dat werknemers gebruik maken van veilige arbeidsmiddelen, dienen deze regelmatig periodiek gekeurd te worden. Volgens de ARBO -wetgeving is een werkgever verplicht aan te kunnen tonen dat zijn medewerkers met veilig gereedschap werken. Het keuren wordt gedaan volgens de norm NEN 3140.<\/p>\n<p><strong>De norm NEN 3140 stelt verschillende eisen:<\/strong><\/p>\n<h3><strong>Visuele controle<\/strong><\/h3>\n<ul>\n<li>Het netsnoer is niet beschadigd of defect<\/li>\n<li>De behuizing is in takt<\/li>\n<li>De ge\u00efsoleerde delen zijn in orde<\/li>\n<li>De mechanische toestand is in orde<\/li>\n<li>Geen onderbreking van beschermings-en aardingsleidingen<\/li>\n<li>Het in goede staat zijn van hulpmiddelen, bedieningsorganen, contacten, schakelaars en relais alsmede waarschuwingsborden en aanduidingen<\/li>\n<li>Geen beschadigingen of defecten aan aansluitleidingen of verplaatsbare leidingen<\/li>\n<li>Er zijn geen elektrische of mechanische aanpassingen aangebracht, in het bijzonder in de veiligheidsketens<\/li>\n<li>Een CE-markering is aanwezig<\/li>\n<\/ul>\n<h3><strong>Controle door middel van metingen<\/strong><\/h3>\n<ul>\n<li>Isolatie weerstand<\/li>\n<li>Lekstroom via beschermingsleiding<\/li>\n<li>Lekstroom door aanraking<\/li>\n<li>De werking van de aardlekbeveiliging door bediening van de testknop<\/li>\n<li>De aanspreekstroom en -tijd van de aardlekbeveiliging<\/li>\n<li>De juiste werking van veiligheidscontacten, elektrische -en elektronische beveiligingsinrichtingen<\/li>\n<li>Stroomverbruik<\/li>\n<\/ul>\n<p><strong>Alle gekeurde zullen geregistreerd  worden. Wanneer hierom gevraagd wordt moet er voor elk gekeurd middel een certificaat overlegd kunnen worden. Dit certificaat wordt na goedkeuring, voor elk middel, door ons verstrekt.<\/strong><\/p>\n<p><strong>Omdat het voor iedere gebruiker van het arbeidsmiddel duidelijk moet zijn dat het middel gekeurd is, en op het moment van keuring dus veilig is, wordt het middel voorzien van een goedkeursticker.<\/strong><\/p>\n<p><strong>De gebruiker dient, voor gebruik van het middel, ook te controleren dat het middel veilig is.<\/strong><\/p>\n<h3><strong>Uitvoering van een inspectie<\/strong><\/h3>\n<ul>\n<li><strong>Tijdens de keuring wordt elk arbeidsmiddel voorzien van een uniek kenmerk<\/strong><br \/>Mocht dit al aangebracht zijn dan wordt dit kenmerk gebruikt. Is dit niet het geval zal het worden aangebracht (graveer pen). In overleg met de klant kan een format gekozen worden.<\/li>\n<li><strong>Na goedkeuring wordt het arbeidsmiddel voorzien van een keursticker<\/strong><br \/>Hierop staat de eerstvolgende keurdatum vermeld.<\/li>\n<li><strong>Bij afkeuring wordt het arbeidsmiddel voorzien door een rode afkeur sticker:<\/strong><br \/>Het is in dat geval mogelijk d.m.v. reparatie het middel te (laten) repareren waarna het alsnog een goedkeursticker kan krijgen.<\/li>\n<li><strong>Een digitaal keuringsrapport en certificaat wordt per arbeidsmiddel opgemaakt<\/strong><br \/>Deze worden digitaal verstrekt. Hierop staan naast de testresultaten ook het unieke nummer en de locatie vermeld. (Een hardcopy is in overleg ook mogelijk)<\/li>\n<\/ul>\n<h3><strong>Wij keuren bijvoorbeeld de volgende elektrische arbeidsmiddelen voor u<\/strong><\/h3>\n<ul>\n<li><strong>Elektrisch handgereedschap<\/strong><br \/>Boormachine, cirkelzaag, decoupeerzaag, verfstripper, haakse slijper, etc. Maar ook de acculaders (230 V) van het accugereedschap.<\/li>\n<li><strong>Verplaatsbare elektrische middelen<\/strong><br \/>Compressor, zaagtafel, betonmixer, afkortzaag, etc.<\/li>\n<li><strong>Bouwlampen andere verplaatsbare lampen<\/strong><br \/>Looplamp, bouwlamp, werklamp, etc.<\/li>\n<li><strong>Verplaatsbare verlengsnoeren en haspels<\/strong><br \/>Voor zowel 230V als 400V verlengsnoeren, haspels, verdeeldozen, etc..<\/li>\n<li><strong>Stationaire machines aangesloten met contactstop<\/strong><br \/>Draaibank, freesbank, zetbank, kolomboormachine, etc. Het gaat hier voornamelijk om machines op 400V krachtstroom.<\/li>\n<li><strong>Verplaatsbare schakel-en verdeelinrichting<\/strong><br \/>Bouwstroomkasten, paddestoelen, etc. Ook de ge\u00efntegreerde aardlekschakelaars en beschermingstransformatoren van deze middelen worden gekeurd.<\/li>\n<\/ul>\n<\/div>\n<\/div><\/div><\/div><div class=\"fusion-layout-column fusion_builder_column fusion-builder-column-1 fusion_builder_column_1_2 1_2 fusion-flex-column\" style=\"--awb-padding-top:10px;--awb-padding-right:10px;--awb-padding-bottom:10px;--awb-padding-left:10px;--awb-overflow:hidden;--awb-bg-color:var(--awb-color1);--awb-bg-color-hover:var(--awb-color1);--awb-bg-size:cover;--awb-border-radius:20px 20px 20px 20px;--awb-width-large:50%;--awb-margin-top-large:0px;--awb-spacing-right-large:3.84%;--awb-margin-bottom-large:20px;--awb-spacing-left-large:3.84%;--awb-width-medium:100%;--awb-order-medium:0;--awb-spacing-right-medium:1.92%;--awb-spacing-left-medium:1.92%;--awb-width-small:100%;--awb-order-small:0;--awb-spacing-right-small:1.92%;--awb-spacing-left-small:1.92%;\"><div class=\"fusion-column-wrapper fusion-column-has-shadow fusion-flex-justify-content-flex-start fusion-content-layout-column\"><div class=\"fusion-text fusion-text-2\" style=\"--awb-text-color:var(--awb-color7);\"><p>Als keurmeester NEN3140 ben ik verantwoordelijk voor het waarborgen van de veiligheid van elektrische installaties en apparaten. Dit is niet alleen belangrijk voor het functioneren van de installaties zelf, maar ook voor de veiligheid van mensen die ermee werken. In dit artikel geef ik een kijkje in mijn werkzaamheden als keurmeester en deel ik wat mijn rol precies inhoudt, evenals een blik achter de schermen van mijn dagelijkse taken.<\/p>\n<p>Wat Houdt Mijn Rol als Keurmeester NEN3140 In?<\/p>\n<p>Als keurmeester NEN3140 houd ik me bezig met het keuren van elektrische installaties en apparaten volgens de Nederlandse normen. Dit betekent dat ik ervoor zorg dat alles voldoet aan de veiligheidsvoorschriften en technische eisen die zijn vastgesteld in de NEN3140. De normen zijn bedoeld om ongevallen te voorkomen en te zorgen voor een veilige werkomgeving. Mijn rol is cruciaal, omdat ik de verantwoordelijkheid draag om te beoordelen of een installatie veilig is voor gebruik.<\/p>\n<p>Een belangrijk aspect van mijn rol is het uitvoeren van inspecties. Dit omvat het controleren van de visuele staat van de installaties, het testen van de elektrische verbindingen en het beoordelen van de gebruikte materialen. Daarnaast moet ik ook kijken naar de documentatie die bij de installaties hoort, zoals keuringsrapporten en onderhoudshistorie. Dit alles stelt me in staat om een volledig beeld te krijgen van de veiligheid van de installaties en of ze voldoen aan de eisen van de NEN3140.<\/p>\n<p>Bovendien ben ik ook verantwoordelijk voor het geven van advies. Als ik tekortkomingen of risico\u2019s ontdek, bespreek ik deze met de betrokken partijen. Dit kan vari\u00ebren van het aanbevelen van aanpassingen tot het geven van tips over veilig gebruik en onderhoud. Mijn doel is om niet alleen te keuren, maar ook om kennis over te dragen en mensen bewust te maken van de risico\u2019s die verbonden zijn aan elektrische installaties.<\/p>\n<\/div><\/div><\/div><div class=\"fusion-layout-column fusion_builder_column fusion-builder-column-2 fusion_builder_column_1_2 1_2 fusion-flex-column\" style=\"--awb-padding-top:10px;--awb-padding-right:10px;--awb-padding-bottom:10px;--awb-padding-left:10px;--awb-overflow:hidden;--awb-bg-color:var(--awb-color1);--awb-bg-color-hover:var(--awb-color1);--awb-bg-size:cover;--awb-border-radius:20px 20px 20px 20px;--awb-width-large:50%;--awb-margin-top-large:0px;--awb-spacing-right-large:3.84%;--awb-margin-bottom-large:20px;--awb-spacing-left-large:3.84%;--awb-width-medium:100%;--awb-order-medium:0;--awb-spacing-right-medium:1.92%;--awb-spacing-left-medium:1.92%;--awb-width-small:100%;--awb-order-small:0;--awb-spacing-right-small:1.92%;--awb-spacing-left-small:1.92%;\"><div class=\"fusion-column-wrapper fusion-column-has-shadow fusion-flex-justify-content-flex-start fusion-content-layout-column\"><div class=\"fusion-text fusion-text-3\" style=\"--awb-text-color:var(--awb-color7);\"><p><strong>Een Blik Achter de Schermen van Mijn Dagelijkse Taken<\/strong><\/p>\n<p>Elke dag begint met een nieuwe uitdaging. Ik begin vaak mijn dag met een planningsoverleg, waarbij ik de inspecties en keuringen voor die dag bespreek. Dit kan vari\u00ebren van grote industri\u00eble installaties tot kleine kantooromgevingen. Het is belangrijk om goed voorbereid te zijn, zodat ik mijn tijd effici\u00ebnt kan indelen en alle noodzakelijke materialen en apparatuur bij me heb voor de inspecties.<\/p>\n<p>Tijdens de inspecties zelf is geen dag hetzelfde. Soms moet ik werken op moeilijk bereikbare plekken, wat betekent dat ik goed moet kunnen improviseren. Bovendien kan het weer ook een rol spelen, vooral als ik buiten moet werken. Ik probeer altijd de veiligheid voorop te stellen, zowel voor mezelf als voor de mensen om me heen. Het is echt een combinatie van technisch inzicht, probleemoplossend vermogen en communicatieve vaardigheden.<\/p>\n<p>Na de inspecties is het tijd voor rapportage. Dit is een belangrijk onderdeel van mijn werk, waarbij ik mijn bevindingen documenteer en aanbevelingen doe. Ik probeer altijd duidelijk en begrijpelijk te zijn in mijn rapportages, zodat iedereen die het leest, de situatie goed kan begrijpen. Het is een essentieel onderdeel om ervoor te zorgen dat de veiligheid van elektrische installaties gewaarborgd blijft. Tenslotte neem ik ook de tijd om bij te blijven met de laatste ontwikkelingen in de regelgeving en technologie, zodat ik altijd op de hoogte ben van de beste praktijken in mijn vakgebied.<\/p>\n<p>Als keurmeester NEN3140 speelt mijn rol een cruciale part in het waarborgen van de veiligheid van elektrische installaties. Mijn dagelijkse taken zijn divers en uitdagend, wat bijdraagt aan een dynamische werkomgeving. Of ik nu inspecties uitvoer, advies geef of rapporten opstel, ik ben constant bezig met het verbeteren van de veiligheid. Het geeft me een goed gevoel om bij te dragen aan een veilige werkplek voor iedereen. Dat maakt mijn werk als keurmeester niet alleen belangrijk, maar ook enorm waardevol<a class=\"broken_link\" href=\"https:\/\/www.notrace.nl\/survey\/\">.<\/a><\/p>\n<p>Hiernaast ben ik ook nog werkzaam als\u00a0<a href=\"https:\/\/www.notrace.nl\/survey\/landmeter\/\">landmeter\/uitzetter<\/a>\u00a0en\u00a0<a href=\"https:\/\/www.notrace.nl\/survey\/keurmeester-ltpb-machines\/\">Keurmeester Landbouw-, tuin-, park-, en bouwmachines<\/a>.<\/p>\n<\/div><\/div><\/div><\/div><\/div><\/div>\n","protected":false},"excerpt":{"rendered":"","protected":false},"author":1,"featured_media":995,"parent":0,"menu_order":0,"comment_status":"closed","ping_status":"closed","template":"100-width.php","meta":{"_acf_changed":false,"footnotes":""},"class_list":["post-1334","page","type-page","status-publish","has-post-thumbnail","hentry"],"yoast_head":"<!-- This site is optimized with the Yoast SEO plugin v27.5 - https:\/\/yoast.com\/product\/yoast-seo-wordpress\/ -->\n<title>Keurmeester NEN3140 - No Trace Survey<\/title>\n<meta name=\"robots\" content=\"index, follow, max-snippet:-1, max-image-preview:large, max-video-preview:-1\" \/>\n<link rel=\"canonical\" href=\"https:\/\/www.notrace.nl\/survey\/keurmeester-nen3140\/\" \/>\n<meta property=\"og:locale\" content=\"nl_NL\" \/>\n<meta property=\"og:type\" content=\"article\" \/>\n<meta property=\"og:title\" content=\"Keurmeester NEN3140 - No Trace Survey\" \/>\n<meta property=\"og:url\" content=\"https:\/\/www.notrace.nl\/survey\/keurmeester-nen3140\/\" \/>\n<meta property=\"og:site_name\" content=\"No Trace Survey\" \/>\n<meta property=\"article:modified_time\" content=\"2025-03-16T15:36:12+00:00\" \/>\n<meta property=\"og:image\" content=\"https:\/\/www.notrace.nl\/wp-content\/uploads\/sites\/4\/2024\/12\/Multimeter.png\" \/>\n\t<meta property=\"og:image:width\" content=\"1000\" \/>\n\t<meta property=\"og:image:height\" content=\"1000\" \/>\n\t<meta property=\"og:image:type\" content=\"image\/png\" \/>\n<meta name=\"twitter:card\" content=\"summary_large_image\" \/>\n<meta name=\"twitter:label1\" content=\"Geschatte leestijd\" \/>\n\t<meta name=\"twitter:data1\" content=\"4 minuten\" \/>\n<script type=\"application\/ld+json\" class=\"yoast-schema-graph\">{\"@context\":\"https:\\\/\\\/schema.org\",\"@graph\":[{\"@type\":\"WebPage\",\"@id\":\"https:\\\/\\\/www.notrace.nl\\\/survey\\\/keurmeester-nen3140\\\/\",\"url\":\"https:\\\/\\\/www.notrace.nl\\\/survey\\\/keurmeester-nen3140\\\/\",\"name\":\"Keurmeester NEN3140 - No Trace Survey\",\"isPartOf\":{\"@id\":\"https:\\\/\\\/www.notrace.nl\\\/survey\\\/#website\"},\"primaryImageOfPage\":{\"@id\":\"https:\\\/\\\/www.notrace.nl\\\/survey\\\/keurmeester-nen3140\\\/#primaryimage\"},\"image\":{\"@id\":\"https:\\\/\\\/www.notrace.nl\\\/survey\\\/keurmeester-nen3140\\\/#primaryimage\"},\"thumbnailUrl\":\"https:\\\/\\\/www.notrace.nl\\\/survey\\\/wp-content\\\/uploads\\\/sites\\\/4\\\/2024\\\/12\\\/Multimeter.png\",\"datePublished\":\"2025-01-24T13:22:24+00:00\",\"dateModified\":\"2025-03-16T15:36:12+00:00\",\"breadcrumb\":{\"@id\":\"https:\\\/\\\/www.notrace.nl\\\/survey\\\/keurmeester-nen3140\\\/#breadcrumb\"},\"inLanguage\":\"nl-NL\",\"potentialAction\":[{\"@type\":\"ReadAction\",\"target\":[\"https:\\\/\\\/www.notrace.nl\\\/survey\\\/keurmeester-nen3140\\\/\"]}]},{\"@type\":\"ImageObject\",\"inLanguage\":\"nl-NL\",\"@id\":\"https:\\\/\\\/www.notrace.nl\\\/survey\\\/keurmeester-nen3140\\\/#primaryimage\",\"url\":\"https:\\\/\\\/www.notrace.nl\\\/survey\\\/wp-content\\\/uploads\\\/sites\\\/4\\\/2024\\\/12\\\/Multimeter.png\",\"contentUrl\":\"https:\\\/\\\/www.notrace.nl\\\/survey\\\/wp-content\\\/uploads\\\/sites\\\/4\\\/2024\\\/12\\\/Multimeter.png\",\"width\":1000,\"height\":1000,\"caption\":\"NEN3149 - No Trace Survey\"},{\"@type\":\"BreadcrumbList\",\"@id\":\"https:\\\/\\\/www.notrace.nl\\\/survey\\\/keurmeester-nen3140\\\/#breadcrumb\",\"itemListElement\":[{\"@type\":\"ListItem\",\"position\":1,\"name\":\"Home\",\"item\":\"https:\\\/\\\/www.notrace.nl\\\/survey\\\/\"},{\"@type\":\"ListItem\",\"position\":2,\"name\":\"Keurmeester NEN3140\"}]},{\"@type\":\"WebSite\",\"@id\":\"https:\\\/\\\/www.notrace.nl\\\/survey\\\/#website\",\"url\":\"https:\\\/\\\/www.notrace.nl\\\/survey\\\/\",\"name\":\"No Trace Survey\",\"description\":\"Landmeten, uitzetten, keuren en meer\",\"potentialAction\":[{\"@type\":\"SearchAction\",\"target\":{\"@type\":\"EntryPoint\",\"urlTemplate\":\"https:\\\/\\\/www.notrace.nl\\\/survey\\\/?s={search_term_string}\"},\"query-input\":{\"@type\":\"PropertyValueSpecification\",\"valueRequired\":true,\"valueName\":\"search_term_string\"}}],\"inLanguage\":\"nl-NL\"}]}<\/script>\n<!-- \/ Yoast SEO plugin. -->","yoast_head_json":{"title":"Keurmeester NEN3140 - No Trace Survey","robots":{"index":"index","follow":"follow","max-snippet":"max-snippet:-1","max-image-preview":"max-image-preview:large","max-video-preview":"max-video-preview:-1"},"canonical":"https:\/\/www.notrace.nl\/survey\/keurmeester-nen3140\/","og_locale":"nl_NL","og_type":"article","og_title":"Keurmeester NEN3140 - No Trace Survey","og_url":"https:\/\/www.notrace.nl\/survey\/keurmeester-nen3140\/","og_site_name":"No Trace Survey","article_modified_time":"2025-03-16T15:36:12+00:00","og_image":[{"width":1000,"height":1000,"url":"https:\/\/www.notrace.nl\/wp-content\/uploads\/sites\/4\/2024\/12\/Multimeter.png","type":"image\/png"}],"twitter_card":"summary_large_image","twitter_misc":{"Geschatte leestijd":"4 minuten"},"schema":{"@context":"https:\/\/schema.org","@graph":[{"@type":"WebPage","@id":"https:\/\/www.notrace.nl\/survey\/keurmeester-nen3140\/","url":"https:\/\/www.notrace.nl\/survey\/keurmeester-nen3140\/","name":"Keurmeester NEN3140 - No Trace Survey","isPartOf":{"@id":"https:\/\/www.notrace.nl\/survey\/#website"},"primaryImageOfPage":{"@id":"https:\/\/www.notrace.nl\/survey\/keurmeester-nen3140\/#primaryimage"},"image":{"@id":"https:\/\/www.notrace.nl\/survey\/keurmeester-nen3140\/#primaryimage"},"thumbnailUrl":"https:\/\/www.notrace.nl\/survey\/wp-content\/uploads\/sites\/4\/2024\/12\/Multimeter.png","datePublished":"2025-01-24T13:22:24+00:00","dateModified":"2025-03-16T15:36:12+00:00","breadcrumb":{"@id":"https:\/\/www.notrace.nl\/survey\/keurmeester-nen3140\/#breadcrumb"},"inLanguage":"nl-NL","potentialAction":[{"@type":"ReadAction","target":["https:\/\/www.notrace.nl\/survey\/keurmeester-nen3140\/"]}]},{"@type":"ImageObject","inLanguage":"nl-NL","@id":"https:\/\/www.notrace.nl\/survey\/keurmeester-nen3140\/#primaryimage","url":"https:\/\/www.notrace.nl\/survey\/wp-content\/uploads\/sites\/4\/2024\/12\/Multimeter.png","contentUrl":"https:\/\/www.notrace.nl\/survey\/wp-content\/uploads\/sites\/4\/2024\/12\/Multimeter.png","width":1000,"height":1000,"caption":"NEN3149 - No Trace Survey"},{"@type":"BreadcrumbList","@id":"https:\/\/www.notrace.nl\/survey\/keurmeester-nen3140\/#breadcrumb","itemListElement":[{"@type":"ListItem","position":1,"name":"Home","item":"https:\/\/www.notrace.nl\/survey\/"},{"@type":"ListItem","position":2,"name":"Keurmeester NEN3140"}]},{"@type":"WebSite","@id":"https:\/\/www.notrace.nl\/survey\/#website","url":"https:\/\/www.notrace.nl\/survey\/","name":"No Trace Survey","description":"Landmeten, uitzetten, keuren en meer","potentialAction":[{"@type":"SearchAction","target":{"@type":"EntryPoint","urlTemplate":"https:\/\/www.notrace.nl\/survey\/?s={search_term_string}"},"query-input":{"@type":"PropertyValueSpecification","valueRequired":true,"valueName":"search_term_string"}}],"inLanguage":"nl-NL"}]}},"acf":[],"jetpack_sharing_enabled":true,"_links":{"self":[{"href":"https:\/\/www.notrace.nl\/survey\/wp-json\/wp\/v2\/pages\/1334","targetHints":{"allow":["GET"]}}],"collection":[{"href":"https:\/\/www.notrace.nl\/survey\/wp-json\/wp\/v2\/pages"}],"about":[{"href":"https:\/\/www.notrace.nl\/survey\/wp-json\/wp\/v2\/types\/page"}],"author":[{"embeddable":true,"href":"https:\/\/www.notrace.nl\/survey\/wp-json\/wp\/v2\/users\/1"}],"replies":[{"embeddable":true,"href":"https:\/\/www.notrace.nl\/survey\/wp-json\/wp\/v2\/comments?post=1334"}],"version-history":[{"count":3,"href":"https:\/\/www.notrace.nl\/survey\/wp-json\/wp\/v2\/pages\/1334\/revisions"}],"predecessor-version":[{"id":1641,"href":"https:\/\/www.notrace.nl\/survey\/wp-json\/wp\/v2\/pages\/1334\/revisions\/1641"}],"wp:featuredmedia":[{"embeddable":true,"href":"https:\/\/www.notrace.nl\/survey\/wp-json\/wp\/v2\/media\/995"}],"wp:attachment":[{"href":"https:\/\/www.notrace.nl\/survey\/wp-json\/wp\/v2\/media?parent=1334"}],"curies":[{"name":"wp","href":"https:\/\/api.w.org\/{rel}","templated":true}]}}